{"id":130,"date":"2013-02-28T14:34:09","date_gmt":"2013-02-28T13:34:09","guid":{"rendered":"http:\/\/bitaculas.as-pg.gal\/sondepoetas\/?page_id=130"},"modified":"2019-01-10T18:05:18","modified_gmt":"2019-01-10T17:05:18","slug":"esta-antoloxia","status":"publish","type":"page","link":"https:\/\/bitaculas.as-pg.gal\/sondepoetas\/esta-antoloxia\/","title":{"rendered":"Esta antolox\u00eda&#8230;"},"content":{"rendered":"<p>Esta antolox\u00eda da poes\u00eda galega musicada \u00e9 unha iniciativa de Xo\u00e1n D\u00edaz, membro do departamento de Lingua e do Equipo de Normalizaci\u00f3n do IES David Buj\u00e1n de Cambre durante 25 anos (1993-2018). Posteriormente, e por xenerosa oferta do seu creador, cuxa memoria queremos lembrar coa integraci\u00f3n destes contidos na <a href=\"http:\/\/literaturagalega.as-pg.gal\/index.html\">Historia da Literatura<\/a>, os contidos xa publicados pasaron a formar parte das bit\u00e1culas da Asociaci\u00f3n Socio-Pedag\u00f3xica Galega, transvasando aqu\u00ed tam\u00e9n os comentarios de leitoras e leitores.<\/p>\n<p>Ti, leitora ou leitor, tam\u00e9n podes participar deixando a t\u00faa opini\u00f3n sobre o que aqu\u00ed vexas ou escoites. Podes, tam\u00e9n, subscribirte utilizando o teu lector RSS habitual.<br \/>\nA nosa \u00fanica intenci\u00f3n \u00e9 aproximarnos \u00e1 poes\u00eda galega desde a m\u00fasica. Tr\u00e1tase, polo tanto, dun material de aula ou para despois da aula.<\/p>\n<!-- AddThis Advanced Settings generic via filter on the_content --><!-- AddThis Share Buttons generic via filter on the_content -->","protected":false},"excerpt":{"rendered":"<p>Esta antolox\u00eda da poes\u00eda galega musicada \u00e9 unha iniciativa de Xo\u00e1n D\u00edaz, membro do departamento de Lingua e do Equipo de Normalizaci\u00f3n do IES David Buj\u00e1n de Cambre durante 25 anos (1993-2018). Posteriormente, e por xenerosa oferta do seu creador,<span class=\"ellipsis\">&hellip;<\/span> <span class=\"read-more\"><a href=\"https:\/\/bitaculas.as-pg.gal\/sondepoetas\/esta-antoloxia\/\">Read more &#8250;<\/a><\/span><!-- AddThis Advanced Settings generic via filter on get_the_excerpt --><!-- AddThis Share Buttons generic via filter on get_the_excerpt --><\/p>\n","protected":false},"author":1,"featured_media":0,"parent":0,"menu_order":0,"comment_status":"open","ping_status":"open","template":"","meta":[],"_links":{"self":[{"href":"https:\/\/bitaculas.as-pg.gal\/sondepoetas\/wp-json\/wp\/v2\/pages\/130"}],"collection":[{"href":"https:\/\/bitaculas.as-pg.gal\/sondepoetas\/wp-json\/wp\/v2\/pages"}],"about":[{"href":"https:\/\/bitaculas.as-pg.gal\/sondepoetas\/wp-json\/wp\/v2\/types\/page"}],"author":[{"embeddable":true,"href":"https:\/\/bitaculas.as-pg.gal\/sondepoetas\/wp-json\/wp\/v2\/users\/1"}],"replies":[{"embeddable":true,"href":"https:\/\/bitaculas.as-pg.gal\/sondepoetas\/wp-json\/wp\/v2\/comments?post=130"}],"version-history":[{"count":15,"href":"https:\/\/bitaculas.as-pg.gal\/sondepoetas\/wp-json\/wp\/v2\/pages\/130\/revisions"}],"predecessor-version":[{"id":552,"href":"https:\/\/bitaculas.as-pg.gal\/sondepoetas\/wp-json\/wp\/v2\/pages\/130\/revisions\/552"}],"wp:attachment":[{"href":"https:\/\/bitaculas.as-pg.gal\/sondepoetas\/wp-json\/wp\/v2\/media?parent=130"}],"curies":[{"name":"wp","href":"https:\/\/api.w.org\/{rel}","templated":true}]}}