{"id":143,"date":"2013-02-28T16:08:30","date_gmt":"2013-02-28T15:08:30","guid":{"rendered":"http:\/\/bitaculas.as-pg.gal\/sondepoetas\/?page_id=143"},"modified":"2013-07-08T10:49:35","modified_gmt":"2013-07-08T08:49:35","slug":"subscribete","status":"publish","type":"page","link":"https:\/\/bitaculas.as-pg.gal\/sondepoetas\/subscribete\/","title":{"rendered":"Subscr\u00edbete a Son de poetas"},"content":{"rendered":"<p><a href=\"http:\/\/feeds.feedburner.com\/SonDePoetas\"><img loading=\"lazy\" class=\"alignnone size-full wp-image-156\" style=\"vertical-align: middle; margin-right: 10px;\" alt=\"rss\" src=\"\/wp-content\/uploads\/sites\/6\/2013\/02\/rss.jpg\" width=\"96\" height=\"96\" \/><\/a>Subscr\u00edbete \u00e1 nosa semente<\/p>\n<p><a href=\"http:\/\/www.feedburner.com\/fb\/a\/emailverifySubmit?feedId=2556236&#038;loc=pt_BR\"><img loading=\"lazy\" class=\"alignnone size-full wp-image-155\" style=\"vertical-align: middle; margin-right: 10px;\" alt=\"email\" src=\"\/wp-content\/uploads\/sites\/6\/2013\/02\/email.png\" width=\"96\" height=\"96\" \/><\/a>Se queres, mand\u00e1mosche un correo cando haxa un novo poema<\/p>\n<!-- AddThis Advanced Settings generic via filter on the_content --><!-- AddThis Share Buttons generic via filter on the_content -->","protected":false},"excerpt":{"rendered":"<p>Subscr\u00edbete \u00e1 nosa semente Se queres, mand\u00e1mosche un correo cando haxa un novo poema<!-- AddThis Advanced Settings generic via filter on get_the_excerpt --><!-- AddThis Share Buttons generic via filter on get_the_excerpt --><\/p>\n","protected":false},"author":1,"featured_media":0,"parent":0,"menu_order":0,"comment_status":"closed","ping_status":"open","template":"","meta":[],"_links":{"self":[{"href":"https:\/\/bitaculas.as-pg.gal\/sondepoetas\/wp-json\/wp\/v2\/pages\/143"}],"collection":[{"href":"https:\/\/bitaculas.as-pg.gal\/sondepoetas\/wp-json\/wp\/v2\/pages"}],"about":[{"href":"https:\/\/bitaculas.as-pg.gal\/sondepoetas\/wp-json\/wp\/v2\/types\/page"}],"author":[{"embeddable":true,"href":"https:\/\/bitaculas.as-pg.gal\/sondepoetas\/wp-json\/wp\/v2\/users\/1"}],"replies":[{"embeddable":true,"href":"https:\/\/bitaculas.as-pg.gal\/sondepoetas\/wp-json\/wp\/v2\/comments?post=143"}],"version-history":[{"count":6,"href":"https:\/\/bitaculas.as-pg.gal\/sondepoetas\/wp-json\/wp\/v2\/pages\/143\/revisions"}],"predecessor-version":[{"id":469,"href":"https:\/\/bitaculas.as-pg.gal\/sondepoetas\/wp-json\/wp\/v2\/pages\/143\/revisions\/469"}],"wp:attachment":[{"href":"https:\/\/bitaculas.as-pg.gal\/sondepoetas\/wp-json\/wp\/v2\/media?parent=143"}],"curies":[{"name":"wp","href":"https:\/\/api.w.org\/{rel}","templated":true}]}}