{"id":183,"date":"2013-04-22T11:23:04","date_gmt":"2013-04-22T09:23:04","guid":{"rendered":"http:\/\/bitaculas.as-pg.gal\/sondepoetas\/?page_id=183"},"modified":"2022-06-29T10:25:35","modified_gmt":"2022-06-29T08:25:35","slug":"idade-media","status":"publish","type":"page","link":"https:\/\/bitaculas.as-pg.gal\/sondepoetas\/idade-media\/","title":{"rendered":"Idade Media"},"content":{"rendered":"<h5>Afons&#8217; Eanes do Coton<\/h5>\n<ul>\n<li><a href=\"abadessa-oi-dizer-afons-eanes-do-coton\">Abadessa, o\u00ed dizer<\/a><\/li>\n<\/ul>\n<h5><a title=\"Afonso X, O Sabio, na Wikipedia\" href=\"http:\/\/gl.wikipedia.org\/wiki\/Afonso_X_o_Sabio\" target=\"_blank\" rel=\"noopener noreferrer\">Afonso X, O Sabio<\/a> <img title=\"Este enlace \u00e1brese nunha nova pestana (ou xanela)\" src=\"http:\/\/aula.cesga.es\/courses\/BOTELLA\/document\/Imaxes_sidebar\/nova_pestana.gif\" alt=\"\" \/><\/h5>\n<ul>\n<li><a href=\"http:\/\/bitaculas.as-pg.gal\/sondepoetas\/2021\/07\/23\/non-sofre-santa-maria-afonso-x\/\">Non sofre Santa Mar\u00eda.<\/a><\/li>\n<li><a href=\"cantiga-166\">Cantiga 166<\/a><\/li>\n<li><a href=\"o-genete\">O genete<\/a><\/li>\n<li><a href=\"santa-maria-strela-do-dia-afonso-x\">Santa Maria\/Strela do dia<\/a><\/li>\n<\/ul>\n<h5>Airas Nunez<\/h5>\n<ul>\n<li><a href=\"a-santiagu-en-romaria-ven-airas-nunez\">A Santiagu&#8217; en romaria ven<\/a><\/li>\n<li><a href=\"bailemos-nos-ja-todas-tres-ai-amigas-airas-nunez\">Bailemos n\u00f3s ja todas tres, ai amigas<\/a><\/li>\n<li><a href=\"http:\/\/bitaculas.as-pg.gal\/sondepoetas\/2021\/03\/20\/porque-no-mundo-mengou-a-verdade-airas-nunes\/\">Porque no mundo menguou a verdade<\/a><\/li>\n<\/ul>\n<h5><a title=\"Bernal de Bonaval, na Wikipedia\" href=\"http:\/\/gl.wikipedia.org\/wiki\/Bernal_de_Bonaval\" target=\"_blank\" rel=\"noopener noreferrer\">Bernal de Bonaval<\/a> <img title=\"Este enlace \u00e1brese nunha nova pestana (ou xanela)\" src=\"http:\/\/aula.cesga.es\/courses\/BOTELLA\/document\/Imaxes_sidebar\/nova_pestana.gif\" alt=\"\" \/><\/h5>\n<ul>\n<li><a href=\"a-dona-que-eu-ame-tenho-por-senhor-bernal-de-bonaval\">A dona que eu am&#8217; e tenho por senhor<\/a><\/li>\n<\/ul>\n<h5><a title=\"Cervantes virtual\" href=\"http:\/\/www.cervantesvirtual.com\/bib_autor\/codax\/index.shtml\" target=\"_blank\" rel=\"noopener noreferrer\">Mart\u00edn Codax<\/a> <img title=\"Este enlace \u00e1brese nunha nova pestana (ou xanela)\" src=\"http:\/\/aula.cesga.es\/courses\/BOTELLA\/document\/Imaxes_sidebar\/nova_pestana.gif\" alt=\"\" \/><\/h5>\n<ul>\n<li><a href=\"ay-deus-se-sab-ora-meu-amigo-martin\">Ay Deus, se sab\u2019 ora meu amigo<\/a><\/li>\n<li><a href=\"ay-ondas-que-eu-vin-veer-martin-codax\">Ay ondas, que eu vin veer<\/a><\/li>\n<li><a href=\"eno-sagrado-en-vigo-martin-codax\">Eno sagrado, en Vigo<\/a><\/li>\n<li><a href=\"mandad-ey-comigo-martin-codax\">Mandad\u2019 ey comigo<\/a><\/li>\n<li><a href=\"mia-irmana-fremosa-treydes-comigo\">Mia irmana fremosa, treydes comigo<\/a><\/li>\n<li><a href=\"ondas-do-mar-de-vigo\">Ondas do mar de Vigo<\/a><\/li>\n<li><a href=\"quantas-sabedes-amar-amigo-martin-codax\">Quantas sabedes amar amigo<\/a><\/li>\n<\/ul>\n<h5><a title=\"Biblioteca Virtual Galega\" href=\"http:\/\/bvg.udc.es\/ficha_autor.jsp?id=MeeMeend&amp;alias=Meendinho\" target=\"_blank\" rel=\"noopener noreferrer\">Meendinho<\/a> <img title=\"Este enlace \u00e1brese nunha nova pestana (ou xanela)\" src=\"http:\/\/aula.cesga.es\/courses\/BOTELLA\/document\/Imaxes_sidebar\/nova_pestana.gif\" alt=\"\" \/><\/h5>\n<ul>\n<li><a href=\"sedia-m-eu-na-ermida-de-san-simion\">Sedia-m\u2019 eu na ermida de San Simi\u00f3n<\/a><\/li>\n<\/ul>\n<h5>Nuno Fernandez Torneol<\/h5>\n<ul>\n<li><a href=\"pois-naci-nunca-vi-amor\">Pois naci nunca vi Amor<\/a><\/li>\n<\/ul>\n<h5>Pedr&#8217;Amigo de Sevilha<\/h5>\n<ul>\n<li><a href=\"quand-eu-hun-dia-fuy-en-compostela-pedr-amigo-de-sevilha\">Quand&#8217; eu hun dia fuy en Compostela<\/a><\/li>\n<\/ul>\n<h5>Pedr&#8217; Eanes Solaz<\/h5>\n<ul>\n<li><a href=\"vou-m-eu-fremosa-pera-l-rey-pedr-eanes\">Vou-m&#8217; eu, fremosa, pera &#8216;l-rey<\/a><\/li>\n<\/ul>\n<h5>Pero da Ponte<\/h5>\n<ul>\n<li><a href=\"se-eu-podesse-desamar-pero-da-ponte\">Se eu podesse desamar<\/a><\/li>\n<li><a href=\"http:\/\/bitaculas.as-pg.gal\/sondepoetas\/2022\/06\/10\/maria-perez-a-nossa-cruzada-pero-da-ponte\/\">Mar\u00eda P\u00e9rez, a nossa cruzada<\/a><\/li>\n<\/ul>\n<h5>Pero Meogo<\/h5>\n<ul>\n<li><a href=\"digades-filha-mia-filha-velida-pero\">Digades, filha, mia filha velida<\/a><\/li>\n<li><a href=\"fostes-filha-eno-bailar-pero-meogo\">Fostes, filha, eno bailar<\/a><\/li>\n<li><a href=\"levous-a-loucana-levous-a-velida-pero-meogo\">Lev\u00f3us&#8217; a lou\u00e7ana, lev\u00f3us&#8217; a velida<\/a><\/li>\n<li><a href=\"http:\/\/bitaculas.as-pg.gal\/sondepoetas\/2021\/06\/25\/mentir-lh-ei-pero-meogo\/\">Mentir-lh&#8217;-ei<\/a><\/li>\n<\/ul>\n<h5>Johan de Requeixo<\/h5>\n<ul>\n<li><a href=\"fui-eu-madr-en-romaria-a-faro-con-meu-amigo-johan-de-requeixo\">Fui eu, madr&#8217;, en romaria a Faro con meu amigo<\/a><\/li>\n<\/ul>\n<h5>Jui\u00e3o Bolseiro<\/h5>\n<ul>\n<li><a href=\"aquestas-noites-tan-longas-que-deus-fez\">Aquestas noites tan longas que Deus fez en grave dia<\/a><\/li>\n<\/ul>\n\n\n<p>Jo\u00e1n V\u00e1squiz de Talaveira<\/p>\n\n\n\n<p><a href=\"http:\/\/bitaculas.as-pg.gal\/sondepoetas\/2022\/06\/24\/o-que-veer-quisser-joan-vasquiz-de-talaveira\/\">O que veer quisser<\/a><\/p>\n<!-- AddThis Advanced Settings generic via filter on the_content --><!-- AddThis Share Buttons generic via filter on the_content -->","protected":false},"excerpt":{"rendered":"<p>Afons&#8217; Eanes do Coton Abadessa, o\u00ed dizer Afonso X, O Sabio Non sofre Santa Mar\u00eda. Cantiga 166 O genete Santa Maria\/Strela do dia Airas Nunez A Santiagu&#8217; en romaria ven Bailemos n\u00f3s ja todas tres, ai amigas Porque no mundo<span class=\"ellipsis\">&hellip;<\/span> <span class=\"read-more\"><a href=\"https:\/\/bitaculas.as-pg.gal\/sondepoetas\/idade-media\/\">Read more &#8250;<\/a><\/span><!-- AddThis Advanced Settings generic via filter on get_the_excerpt --><!-- AddThis Share Buttons generic via filter on get_the_excerpt --><\/p>\n","protected":false},"author":1,"featured_media":0,"parent":0,"menu_order":0,"comment_status":"closed","ping_status":"closed","template":"","meta":[],"_links":{"self":[{"href":"https:\/\/bitaculas.as-pg.gal\/sondepoetas\/wp-json\/wp\/v2\/pages\/183"}],"collection":[{"href":"https:\/\/bitaculas.as-pg.gal\/sondepoetas\/wp-json\/wp\/v2\/pages"}],"about":[{"href":"https:\/\/bitaculas.as-pg.gal\/sondepoetas\/wp-json\/wp\/v2\/types\/page"}],"author":[{"embeddable":true,"href":"https:\/\/bitaculas.as-pg.gal\/sondepoetas\/wp-json\/wp\/v2\/users\/1"}],"replies":[{"embeddable":true,"href":"https:\/\/bitaculas.as-pg.gal\/sondepoetas\/wp-json\/wp\/v2\/comments?post=183"}],"version-history":[{"count":14,"href":"https:\/\/bitaculas.as-pg.gal\/sondepoetas\/wp-json\/wp\/v2\/pages\/183\/revisions"}],"predecessor-version":[{"id":1677,"href":"https:\/\/bitaculas.as-pg.gal\/sondepoetas\/wp-json\/wp\/v2\/pages\/183\/revisions\/1677"}],"wp:attachment":[{"href":"https:\/\/bitaculas.as-pg.gal\/sondepoetas\/wp-json\/wp\/v2\/media?parent=183"}],"curies":[{"name":"wp","href":"https:\/\/api.w.org\/{rel}","templated":true}]}}