{"id":187,"date":"2013-04-22T11:27:34","date_gmt":"2013-04-22T09:27:34","guid":{"rendered":"http:\/\/bitaculas.as-pg.gal\/sondepoetas\/?page_id=187"},"modified":"2025-11-16T22:07:30","modified_gmt":"2025-11-16T21:07:30","slug":"seculo-xix","status":"publish","type":"page","link":"https:\/\/bitaculas.as-pg.gal\/sondepoetas\/seculo-xix\/","title":{"rendered":"S\u00e9culo XIX"},"content":{"rendered":"<h5><a href=\"http:\/\/literaturagalega.as-pg.gal\/autoras-es\/curros-enriquez-manuel.html\">Curros Enr\u00edquez <img title=\"Este enlace \u00e1brese nunha nova pestana (ou xanela)\" src=\"http:\/\/aula.cesga.es\/courses\/BOTELLA\/document\/Imaxes_sidebar\/nova_pestana.gif\" alt=\"\" \/><\/a><\/h5>\n<ul>\n<li><a href=\"http:\/\/bitaculas.as-pg.gal\/sondepoetas\/2021\/09\/03\/a-emigracion-manuel-curros-enriquez\/\">A emigraci\u00f3n.<\/a><\/li>\n<li><a href=\"a-rosalia-manuel-curros-enriquez\">A Rosal\u00eda<\/a><\/li>\n<li><a href=\"ai-manuel-curros-enriquez\">\u00a1Ai!<\/a><\/li>\n<li><a href=\"cantiga-manuel-curros-enriquez\">C\u00e1ntiga<\/a><\/li>\n<li><a href=\"http:\/\/bitaculas.as-pg.gal\/sondepoetas\/2020\/05\/29\/nouturnio-curros-enriquez\/\">Nouturnio<\/a><\/li>\n<li><a href=\"o-maio\">O Maio<\/a><\/li>\n<li><a href=\"ten-a-serena-o-canto-manuel-curros-enriquez\">Ten a serena o canto<\/a><\/li>\n<li><a href=\"http:\/\/bitaculas.as-pg.gal\/sondepoetas\/2022\/03\/25\/un-adios-a-mariquina-manuel-curros-enriquez\/\">Un adi\u00f3s a Mariqui\u00f1a<\/a><\/li>\n<\/ul>\n<h5><a href=\"http:\/\/literaturagalega.as-pg.gal\/autoras-es\/pondal-eduardo.html\">Eduardo Pondal <img title=\"Este enlace \u00e1brese nunha nova pestana (ou xanela)\" src=\"http:\/\/aula.cesga.es\/courses\/BOTELLA\/document\/Imaxes_sidebar\/nova_pestana.gif\" alt=\"\" \/><\/a><\/h5>\n<ul>\n<li><a href=\"a-lingua-tiveran-eduardo-pondal\">A lingua tiveran<\/a><\/li>\n<li><a href=\"falade-gallego-eduardo-pondal\">Falade gallego<\/a><\/li>\n<li><a href=\"http:\/\/bitaculas.as-pg.gal\/sondepoetas\/2020\/07\/17\/maruxina-eduardo-pondal-abente\/\">Maruxi\u00f1a<\/a><\/li>\n<li><a href=\"os-pinos\">Os Pinos<\/a><\/li>\n<\/ul>\n<h5><a href=\"http:\/\/literaturagalega.as-pg.gal\/autoras-es\/anon-paz-francisco.html\">Francisco A\u00f1\u00f3n <img title=\"Este enlace \u00e1brese nunha nova pestana (ou xanela)\" src=\"http:\/\/aula.cesga.es\/courses\/BOTELLA\/document\/Imaxes_sidebar\/nova_pestana.gif\" alt=\"\" \/><\/a><\/h5>\n<ul>\n<li><a href=\"amor-apresurado\">Amor apresurado<\/a><\/li>\n<\/ul>\n<h5><a href=\"http:\/\/literaturagalega.as-pg.gal\/autoras-es\/castro-rosalia-rita-de.html\">Rosal\u00eda de Castro <img title=\"Este enlace \u00e1brese nunha nova pestana (ou xanela)\" src=\"http:\/\/aula.cesga.es\/courses\/BOTELLA\/document\/Imaxes_sidebar\/nova_pestana.gif\" alt=\"\" \/><\/a><\/h5>\n<ul>\n<li><a href=\"http:\/\/bitaculas.as-pg.gal\/sondepoetas\/2021\/02\/23\/a-viuda-rosalia-de-castro\/\">A vi\u00fada<\/a><\/li>\n<li><a href=\"adios-rios-adios-fontes-rosalia-de-castro\">Adi\u00f3s r\u00edos, adi\u00f3s fontes<\/a><\/li>\n<li><a href=\"http:\/\/bitaculas.as-pg.gal\/sondepoetas\/2021\/02\/06\/airinos-airinos-aires-rosalia-de-castro\/\">Airi\u00f1os, airi\u00f1os, aires<\/a><\/li>\n<li><a href=\"alborada-rosalia-de-castro\">Alborada<\/a><\/li>\n<li><a href=\"http:\/\/bitaculas.as-pg.gal\/sondepoetas\/2021\/02\/27\/alguns-din-mina-terra-rosalia-de-castro\/\">Alg\u00fans din \u00a1mi\u00f1a terra!<\/a><\/li>\n<li><a href=\"http:\/\/bitaculas.as-pg.gal\/sondepoetas\/2021\/02\/14\/amores-cativos-rosalia-de-castro\/\">Amores cativos<\/a><\/li>\n<li><a href=\"http:\/\/bitaculas.as-pg.gal\/sondepoetas\/2020\/04\/10\/as-de-cantar-rosalia-de-castro\/\">As de cantar<\/a><\/li>\n<li><a href=\"a-xusticia-pola-man-rosalia-de-castro\">A xusticia pola man<\/a><\/li>\n<li><a href=\"http:\/\/bitaculas.as-pg.gal\/sondepoetas\/2021\/02\/01\/bos-amores-rosalia-de-castro\/\">Bos amores<\/a><\/li>\n<li><a href=\"http:\/\/bitaculas.as-pg.gal\/sondepoetas\/2021\/02\/03\/cada-noite-eu-chorando-pensaba-rosalia-de-castro\/\">Cada noite eu chorando pensaba<\/a><\/li>\n<li><a href=\"http:\/\/bitaculas.as-pg.gal\/sondepoetas\/2021\/02\/28\/campanas-de-bastabales-rosalia-de-castro\/\">Campanas de Bastabales<\/a><\/li>\n<li><a href=\"http:\/\/bitaculas.as-pg.gal\/sondepoetas\/2022\/02\/18\/cando-me-ponan-o-habito-rosalia-de-castro\/\">Cando me po\u00f1an o h\u00e1bito<\/a><\/li>\n<li><a href=\"cando-penso-que-te-fuches-rosalia-de-castro\">Cando penso que te fuches<\/a><\/li>\n<li><a href=\"http:\/\/bitaculas.as-pg.gal\/sondepoetas\/2020\/07\/03\/castellanos-de-castilla-rosalia-de-castro\/\">Castellanos de Castilla<\/a><\/li>\n<li><a href=\"http:\/\/bitaculas.as-pg.gal\/sondepoetas\/2021\/02\/07\/como-chove-miudino-rosalia-de-castro\/\">C\u00f3mo chove miudi\u00f1o<\/a><\/li>\n<li><a href=\"http:\/\/bitaculas.as-pg.gal\/sondepoetas\/2021\/02\/08\/daquelas-que-cantan-rosalia-de-castro\/\">D\u2019aquelas que cantan as pombas y as frores<\/a><\/li>\n<li><a href=\"http:\/\/bitaculas.as-pg.gal\/sondepoetas\/2022\/02\/20\/de-balde-rosalia-de-castro\/\">De balde<\/a><\/li>\n<li><a href=\"http:\/\/bitaculas.as-pg.gal\/sondepoetas\/2021\/02\/02\/dende-aqui-vexo-un-camino-rosalia-de-castro\/\">Dende aqu\u00ed vexo un cami\u00f1o<\/a><\/li>\n<li><a href=\"http:\/\/bitaculas.as-pg.gal\/sondepoetas\/2021\/02\/20\/diredes-destos-versos-y-e-verdade-rosalia-de-castro\/\">Diredes d&#8217;estos versos, y \u00e9 verdade<\/a><\/li>\n<li><a href=\"http:\/\/bitaculas.as-pg.gal\/sondepoetas\/2022\/02\/19\/dixome-nantronte-o-cura-rosalia-de-castro\/\">D\u00edxome nantronte o cura<\/a><\/li>\n<li><a href=\"http:\/\/bitaculas.as-pg.gal\/sondepoetas\/2021\/02\/22\/dulce-sono-rosalia-de-castro\/\">Dulce sono<\/a><\/li>\n<li><a href=\"http:\/\/bitaculas.as-pg.gal\/sondepoetas\/2021\/02\/19\/eu-levo-unha-pena\/\">Eu levo unha pena<\/a><\/li>\n<li><a href=\"http:\/\/bitaculas.as-pg.gal\/sondepoetas\/2022\/02\/04\/hoxe-do-souto-de-ouro-maria-marino\/\">Hoxe do souto de ouro<\/a><\/li>\n<li><a href=\"http:\/\/bitaculas.as-pg.gal\/sondepoetas\/2022\/02\/21\/lua-descolorida-rosalia-de-castro\/\">L\u00faa descolorida<\/a><\/li>\n<li><a href=\"maio-longo-maio-longo-rosalia-de-castro\">Maio longo&#8230; maio longo<\/a><\/li>\n<li><a href=\"mais-o-que-ben-quixo-un-dia-rosalia-de\">Mais \u00f3 que ben quixo un d\u00eda<\/a><\/li>\n<li><a href=\"menina-ti-a-mais-fermosa-rosalia-de-castro\">Meni\u00f1a, ti a m\u00e1is fermosa<\/a><\/li>\n<li><a href=\"http:\/\/bitaculas.as-pg.gal\/sondepoetas\/2021\/02\/18\/meses-de-inverno-frios-rosalia-de-castro\/\">Meses de inverno fr\u00edos<\/a><\/li>\n<li><a href=\"http:\/\/bitaculas.as-pg.gal\/sondepoetas\/2022\/02\/23\/mina-santina-rosalia-de-castro\/\">Mi\u00f1a Santi\u00f1a<\/a><\/li>\n<li><a href=\"http:\/\/bitaculas.as-pg.gal\/sondepoetas\/2021\/02\/09\/non-che-digo-nada-rosalia-de-castro\/\">Non che digo nada\u2026<\/a><\/li>\n<li><a href=\"http:\/\/bitaculas.as-pg.gal\/sondepoetas\/2021\/02\/13\/odiote-campo-fresco-rosalia-de-castro\/\">\u00d3diote, campo fresco,<\/a><\/li>\n<li>Onde queda o meu cami\u00f1o?<\/li>\n<li><a href=\"http:\/\/bitaculas.as-pg.gal\/sondepoetas\/2021\/02\/24\/pasa-rio-pasa-rio-rosalia-de-castro\/\">Pasa, r\u00edo, pasa, r\u00edo<\/a><\/li>\n<li><a href=\"http:\/\/bitaculas.as-pg.gal\/sondepoetas\/2022\/02\/22\/paz-desexada-rosalia-de-castro\/\">Paz desexada<\/a><\/li>\n<li><a href=\"http:\/\/bitaculas.as-pg.gal\/sondepoetas\/2021\/02\/21\/por-que-rosalia-de-castro\/\">\u00bfPorqu\u00e9?<\/a><\/li>\n<li><a href=\"http:\/\/bitaculas.as-pg.gal\/sondepoetas\/2021\/02\/17\/por-que-mina-almina-rosalia-de-castro\/\">\u00bfPor qu\u00e9, mi\u00f1a almi\u00f1a?<\/a><\/li>\n<li><a href=\"http:\/\/bitaculas.as-pg.gal\/sondepoetas\/2021\/02\/26\/pra-a-habana-rosalia-de-castro\/\">Pr\u00e1 \u00e1 Habana<\/a><\/li>\n<li><a href=\"http:\/\/bitaculas.as-pg.gal\/sondepoetas\/2021\/02\/12\/que-pasa-o-redor-de-min-rosalia-de-castro\/\">\u00bfQu\u00e9 pasa \u00f4 redor de min?<\/a><\/li>\n<li><a href=\"http:\/\/bitaculas.as-pg.gal\/sondepoetas\/2021\/02\/10\/quen-non-xime-rosalia-de-castro\/\">\u00bfQuen non xime?<\/a><\/li>\n<li><a href=\"http:\/\/bitaculas.as-pg.gal\/sondepoetas\/2021\/02\/25\/queridina-dos-meus-ollos-rosalia-de-castro\/\">Queridi\u00f1a dos meus ollos<\/a><\/li>\n<li><a href=\"http:\/\/bitaculas.as-pg.gal\/sondepoetas\/?p=812\">Qu\u00edxente tanto, meni\u00f1a<\/a><\/li>\n<li><a href=\"http:\/\/bitaculas.as-pg.gal\/sondepoetas\/2021\/02\/16\/si-a-vernos-marica-nantronte-vineras-rosalia-de-castro\/\">Si a vernos, Marica, nantronte vi\u00f1eras<\/a><\/li>\n<li><a href=\"http:\/\/bitaculas.as-pg.gal\/sondepoetas\/2021\/02\/15\/tal-como-as-nubes-rosalia-de-castro\/\">Tal como as nubes<\/a><\/li>\n<li><a href=\"tecin-soia-a-mina-tea-rosalia-de-castro\">Tec\u00edn soia a mi\u00f1a tea<\/a><\/li>\n<li><a href=\"http:\/\/bitaculas.as-pg.gal\/sondepoetas\/2021\/02\/11\/tembra-un-neno-no-humido-portico-rosalia-de-castro\/\">Tembra un neno no h\u00famido p\u00f3rtico\u2026<\/a><\/li>\n<li><a href=\"http:\/\/bitaculas.as-pg.gal\/sondepoetas\/2021\/02\/05\/ti-onte-manan-eu-rosalia-de-castro\/\">Ti onte, ma\u00f1\u00e1n eu<\/a><\/li>\n<li><a href=\"unha-vez-tiven-un-cravo-rosalia-de\">Unha vez tiven un cravo<\/a><\/li>\n<li><a href=\"http:\/\/bitaculas.as-pg.gal\/sondepoetas\/2021\/02\/04\/un-repoludo-gaiteiro-rosalia-de-castro\/\">Un repoludo gaiteiro<\/a><\/li>\n<li><a href=\"xan-rosalia-de-castro\">Xan<\/a><\/li>\n<\/ul>\n\n\n<p><\/p>\n<!-- AddThis Advanced Settings generic via filter on the_content --><!-- AddThis Share Buttons generic via filter on the_content -->","protected":false},"excerpt":{"rendered":"<p>Curros Enr\u00edquez A emigraci\u00f3n. A Rosal\u00eda \u00a1Ai! C\u00e1ntiga Nouturnio O Maio Ten a serena o canto Un adi\u00f3s a Mariqui\u00f1a Eduardo Pondal A lingua tiveran Falade gallego Maruxi\u00f1a Os Pinos Francisco A\u00f1\u00f3n Amor apresurado Rosal\u00eda de Castro A vi\u00fada Adi\u00f3s<span class=\"ellipsis\">&hellip;<\/span> <span class=\"read-more\"><a href=\"https:\/\/bitaculas.as-pg.gal\/sondepoetas\/seculo-xix\/\">Read more &#8250;<\/a><\/span><!-- AddThis Advanced Settings generic via filter on get_the_excerpt --><!-- AddThis Share Buttons generic via filter on get_the_excerpt --><\/p>\n","protected":false},"author":1,"featured_media":0,"parent":0,"menu_order":0,"comment_status":"closed","ping_status":"closed","template":"","meta":[],"_links":{"self":[{"href":"https:\/\/bitaculas.as-pg.gal\/sondepoetas\/wp-json\/wp\/v2\/pages\/187"}],"collection":[{"href":"https:\/\/bitaculas.as-pg.gal\/sondepoetas\/wp-json\/wp\/v2\/pages"}],"about":[{"href":"https:\/\/bitaculas.as-pg.gal\/sondepoetas\/wp-json\/wp\/v2\/types\/page"}],"author":[{"embeddable":true,"href":"https:\/\/bitaculas.as-pg.gal\/sondepoetas\/wp-json\/wp\/v2\/users\/1"}],"replies":[{"embeddable":true,"href":"https:\/\/bitaculas.as-pg.gal\/sondepoetas\/wp-json\/wp\/v2\/comments?post=187"}],"version-history":[{"count":12,"href":"https:\/\/bitaculas.as-pg.gal\/sondepoetas\/wp-json\/wp\/v2\/pages\/187\/revisions"}],"predecessor-version":[{"id":1834,"href":"https:\/\/bitaculas.as-pg.gal\/sondepoetas\/wp-json\/wp\/v2\/pages\/187\/revisions\/1834"}],"wp:attachment":[{"href":"https:\/\/bitaculas.as-pg.gal\/sondepoetas\/wp-json\/wp\/v2\/media?parent=187"}],"curies":[{"name":"wp","href":"https:\/\/api.w.org\/{rel}","templated":true}]}}