{"id":513,"date":"2019-01-08T12:03:24","date_gmt":"2019-01-08T11:03:24","guid":{"rendered":"http:\/\/bitaculas.as-pg.gal\/sondepoetas\/?page_id=513"},"modified":"2022-06-29T10:25:28","modified_gmt":"2022-06-29T08:25:28","slug":"seculo-xxi","status":"publish","type":"page","link":"https:\/\/bitaculas.as-pg.gal\/sondepoetas\/seculo-xxi\/","title":{"rendered":"S\u00e9culo XXI"},"content":{"rendered":"\n<p><a href=\"http:\/\/literaturagalega.as-pg.gal\/autoras-es\/arias-castano-xela.html\">Xela Arias<\/a><\/p>\n\n\n\n<p><\/p>\n\n\n\n<p><a href=\"http:\/\/bitaculas.as-pg.gal\/sondepoetas\/2021\/05\/07\/ben-vennas-maio\/\">-Ben vennas maio<\/a><\/p>\n\n\n\n<p>&#8211;<a href=\"http:\/\/bitaculas.as-pg.gal\/sondepoetas\/2021\/05\/11\/dario-a-diario-xela-arias\/\">Dar\u00edo a diario<\/a><\/p>\n\n\n\n<p><a href=\"http:\/\/bitaculas.as-pg.gal\/sondepoetas\/2021\/05\/13\/denuncia-do-equilibrio-xela-arias\/\">-Denuncia do equilibrio<\/a><\/p>\n\n\n\n<p><a href=\"http:\/\/bitaculas.as-pg.gal\/sondepoetas\/2021\/05\/16\/e-hame-custar-xela-arias\/\">-E hame custar<\/a><\/p>\n\n\n\n<p><a href=\"http:\/\/bitaculas.as-pg.gal\/sondepoetas\/2021\/05\/15\/intemperiome-xela-arias\/\">-Intemp\u00e9riome<\/a><\/p>\n\n\n\n<p><a href=\"http:\/\/bitaculas.as-pg.gal\/sondepoetas\/2021\/05\/17\/iras-viras-diras-xela-arias\/\">-Ir\u00e1s vir\u00e1s dir\u00e1s<\/a><\/p>\n\n\n\n<p><a href=\"http:\/\/bitaculas.as-pg.gal\/sondepoetas\/2021\/05\/20\/luz-no-delirio-xela-arias\/\">-Luz no delirio<\/a><\/p>\n\n\n\n<p><a href=\"http:\/\/bitaculas.as-pg.gal\/sondepoetas\/2021\/05\/10\/non-e-xusto-xela-arias\/\">-Non \u00e9 xusto<\/a><\/p>\n\n\n\n<p><a href=\"http:\/\/bitaculas.as-pg.gal\/sondepoetas\/2021\/05\/21\/non-me-conteno-xela-arias\/\">-Non me conte\u00f1o<\/a><\/p>\n\n\n\n<p>&#8211;<a href=\"http:\/\/bitaculas.as-pg.gal\/sondepoetas\/2021\/05\/31\/soldados-xela-arias\/\">Soldados<\/a><\/p>\n\n\n\n<p><a href=\"http:\/\/bitaculas.as-pg.gal\/sondepoetas\/2021\/05\/14\/son-quen-de-verquerche-abrazos-de-contos-xela-arias\/\">-Son quen de verquerche abrazos de contos<\/a><\/p>\n\n\n\n<p>&#8211;<a href=\"http:\/\/bitaculas.as-pg.gal\/sondepoetas\/2021\/05\/12\/tigres-como-cabalos-xela-arias\/\">Tigres como cabalos<\/a><\/p>\n\n\n\n<p><a href=\"http:\/\/bitaculas.as-pg.gal\/sondepoetas\/2021\/05\/18\/ti-ponendote-fora-da-vida-dos-gritos-xela-arias\/\">-Ti po\u00f1\u00e9ndote f\u00f3ra da vida dos gritos<\/a><\/p>\n\n\n\n<p><\/p>\n\n\n\n<p>Xiana Arias<\/p>\n\n\n\n<ul><li><a href=\"http:\/\/bitaculas.as-pg.gal\/sondepoetas\/2021\/07\/16\/sobre-o-volcan-xiana-arias-e-berio-molina\/\">Sobre o volc\u00e1n<\/a><\/li><\/ul>\n\n\n\n<p>Iolanda Aldrei.<\/p>\n\n\n\n<ul><li><a href=\"http:\/\/bitaculas.as-pg.gal\/sondepoetas\/2020\/09\/04\/companheiro-iolanda-aldrei\/\">Companheiro<\/a><\/li><\/ul>\n\n\n\n<p><a href=\"http:\/\/literaturagalega.as-pg.gal\/autoras-es\/castano-yolanda.html\">Yolanda Casta\u00f1o<\/a><\/p>\n\n\n\n<ul><li><a href=\"http:\/\/bitaculas.as-pg.gal\/sondepoetas\/2021\/06\/18\/highway-to-heaven-yolanda-castano\/\">Highway To Heaven<\/a><\/li><\/ul>\n\n\n\n<p><a href=\"http:\/\/literaturagalega.as-pg.gal\/autoras-es\/couceiro-lopez-emma.html\">Emma Couceiro<\/a><\/p>\n\n\n\n<ul><li><a href=\"http:\/\/bitaculas.as-pg.gal\/sondepoetas\/2021\/08\/27\/carta-epilogo-emma-couceiro\/\">CARTA-EP\u00cdLOGO<\/a><\/li><\/ul>\n\n\n\n<p><a href=\"http:\/\/literaturagalega.as-pg.gal\/autoras-es\/dacosta-alonso-marta.html\">Marta Dacosta.<\/a><\/p>\n\n\n\n<ul><li><a href=\"http:\/\/bitaculas.as-pg.gal\/sondepoetas\/2020\/10\/09\/as-amigas-de-hamlet-marta-dacosta\/\">As amantes de Hamlet<\/a><\/li><li><a href=\"http:\/\/bitaculas.as-pg.gal\/sondepoetas\/2021\/09\/24\/hoxe-estou-en-silencio-xogando-co-pasado-marta-dacosta\/\">Hoxe estou en silencio xogando co pasado<\/a><\/li><\/ul>\n\n\n\n<p><a href=\"http:\/\/literaturagalega.as-pg.gal\/autoras-es\/estevez-eduardo.html\">Eduardo Est\u00e9vez<\/a><\/p>\n\n\n\n<ul><li><a href=\"http:\/\/bitaculas.as-pg.gal\/sondepoetas\/2020\/12\/11\/o-romantico-miron-eduardo-estevez\/\">O rom\u00e1ntico mir\u00f3n<\/a><\/li><\/ul>\n\n\n\n<p><a href=\"http:\/\/literaturagalega.as-pg.gal\/autoras-es\/fernan-vello-miguel-anxo.html\">Miguel Anxo Fern\u00e1n-Vello<\/a><\/p>\n\n\n\n<ul><li><a href=\"http:\/\/bitaculas.as-pg.gal\/sondepoetas\/2021\/01\/15\/cidade-cemiterio-miguel-anxo-fernan-vello\/\">Cidade cemiterio.<\/a><\/li><\/ul>\n\n\n\n<p><a href=\"http:\/\/literaturagalega.as-pg.gal\/autoras-es\/frias-conde-francisco-xavier.html\">Xavier Fr\u00edas<\/a><\/p>\n\n\n\n<ul><li><a href=\"http:\/\/bitaculas.as-pg.gal\/sondepoetas\/2020\/08\/24\/praga-na-tua-boca-xavier-frias\/\">Praga na t\u00faa boca<\/a><\/li><\/ul>\n\n\n\n<p><a href=\"http:\/\/literaturagalega.as-pg.gal\/autoras-es\/lado-larino-maria.html\">Mar\u00eda Lado<\/a><\/p>\n\n\n\n<ul><li><a href=\"http:\/\/bitaculas.as-pg.gal\/sondepoetas\/2020\/07\/10\/rompa-se-ten-que-romper-maria-lado\/\">Rompa se ten que romper<\/a><\/li><\/ul>\n\n\n\n<p><a href=\"http:\/\/literaturagalega.as-pg.gal\/autoras-es\/lopo-anton.html\">Ant\u00f3n Lopo<\/a><\/p>\n\n\n\n<ul><li><a href=\"http:\/\/bitaculas.as-pg.gal\/sondepoetas\/2021\/08\/20\/ningun-lugar-seguro-para-os-amantes-agas-a-respiracion-anton-lopo\/\">Ning\u00fan lugar seguro para os amantes ag\u00e1s a respiraci\u00f3n.<\/a><\/li><\/ul>\n\n\n\n<p>Berio Molina<\/p>\n\n\n\n<ul><li><a href=\"http:\/\/bitaculas.as-pg.gal\/sondepoetas\/2021\/07\/16\/sobre-o-volcan-xiana-arias-e-berio-molina\/\">Sobre o volc\u00e1n<\/a><\/li><\/ul>\n\n\n\n<p><a href=\"http:\/\/literaturagalega.as-pg.gal\/autoras-es\/novo-presa-maria-olga.html\">Olga Novo<\/a><\/p>\n\n\n\n<ul><li><a href=\"http:\/\/bitaculas.as-pg.gal\/sondepoetas\/2019\/01\/28\/estou-aprendendo-a-ladrar\/\">Estou aprendendo a ladrar<\/a><\/li><\/ul>\n\n\n\n<p><a href=\"http:\/\/literaturagalega.as-pg.gal\/autoras-es\/otero-antia.html\">Ant\u00eda Otero<\/a><\/p>\n\n\n\n<ul><li><a href=\"http:\/\/bitaculas.as-pg.gal\/sondepoetas\/2022\/04\/22\/na-cela-antia-otero\/\">Na cela<\/a><\/li><\/ul>\n\n\n\n<p><a href=\"https:\/\/www.aelg.gal\/centro-documentacion\/autores-as\/celia-parra-diaz\">Celia Parra<\/a><\/p>\n\n\n\n<ul><li><a href=\"http:\/\/bitaculas.as-pg.gal\/sondepoetas\/2020\/03\/05\/tres-segundos\/\">Tres segundos<\/a><\/li><\/ul>\n\n\n\n<p><a href=\"http:\/\/literaturagalega.as-pg.gal\/autoras-es\/fernandez-rial-rosalia.html\">Rosal\u00eda Fern\u00e1ndez Rial<\/a><\/p>\n\n\n\n<ul><li><a href=\"http:\/\/bitaculas.as-pg.gal\/sondepoetas\/2020\/05\/02\/bailando-as-ruas-rosalia-fernandez-rial\/\">Bailando as r\u00faas<\/a><\/li><\/ul>\n\n\n\n<p><a href=\"http:\/\/literaturagalega.as-pg.gal\/autoras-es\/ramos-baldo.html\">Baldo Ramos<\/a><\/p>\n\n\n\n<ul><li><a href=\"http:\/\/bitaculas.as-pg.gal\/sondepoetas\/2020\/12\/04\/somos-froito-da-cegueira-baldo-ramos\/\">SOMOS froito da cegueira,<\/a><\/li><\/ul>\n\n\n\n<p><a href=\"http:\/\/literaturagalega.as-pg.gal\/autoras-es\/rivas-manuel.html\">Manuel Rivas<\/a><\/p>\n\n\n\n<ul><li><a href=\"http:\/\/bitaculas.as-pg.gal\/sondepoetas\/2020\/11\/21\/avenida-atlantica-manuel-rivas\/\">Avenida Atl\u00e1ntica<\/a><\/li><\/ul>\n\n\n\n<p><a href=\"http:\/\/literaturagalega.as-pg.gal\/autoras-es\/romani-blanco-ana.html\">Ana Roman\u00ed<\/a><\/p>\n\n\n\n<ul><li><a href=\"http:\/\/bitaculas.as-pg.gal\/sondepoetas\/2020\/08\/07\/o-efemero-ana-romani\/\">O ef\u00e9mero<\/a><\/li><\/ul>\n\n\n\n<p><a href=\"http:\/\/literaturagalega.as-pg.gal\/autoras-es\/salgado-daniel.html\">Daniel Salgado<\/a><\/p>\n\n\n\n<ul><li><a href=\"http:\/\/bitaculas.as-pg.gal\/sondepoetas\/2022\/04\/08\/auto-poetica-in-progress-daniel-salgado\/\">Auto-po\u00e9tica in progress<\/a><\/li><\/ul>\n\n\n\n<p><a href=\"http:\/\/literaturagalega.as-pg.gal\/autoras-es\/suso-de-toro.html\">Suso de Toro<\/a><\/p>\n\n\n\n<ul><li><a href=\"http:\/\/bitaculas.as-pg.gal\/sondepoetas\/2021\/01\/08\/pedras-contra-tanques-suso-de-toro\/\">Pedras contra tanques<\/a><\/li><\/ul>\n\n\n\n<p><a href=\"http:\/\/literaturagalega.as-pg.gal\/autoras-es\/veiga-torre-eva.html\">Eva Veiga<\/a><\/p>\n\n\n\n<ul><li><a href=\"http:\/\/bitaculas.as-pg.gal\/sondepoetas\/2021\/10\/08\/norai-de-anguria-eva-veiga\/\">Norai de angustia.<\/a><\/li><\/ul>\n\n\n\n<p><a href=\"http:\/\/literaturagalega.as-pg.gal\/autoras-es\/villar-gonzalez-arximiro-b.html\">Miro Villar<\/a><\/p>\n\n\n\n<ul><li><a href=\"http:\/\/bitaculas.as-pg.gal\/sondepoetas\/2020\/03\/13\/illas-lobeiras-miro-villar\/\">Illas lobeiras<\/a><\/li><\/ul>\n\n\n\n<p><a href=\"http:\/\/literaturagalega.as-pg.gal\/autoras-es\/villar-janeiro-helena.html\">Helena Villar Janeiro<\/a><\/p>\n\n\n\n<ul><li><a href=\"http:\/\/bitaculas.as-pg.gal\/sondepoetas\/2020\/08\/03\/dona-parrula-helena-villar-janeiro\/\">Dona Parrula<\/a><\/li><\/ul>\n\n\n\n<p>Ant\u00f3n Zapata<\/p>\n\n\n\n<ul><li><a href=\"http:\/\/bitaculas.as-pg.gal\/sondepoetas\/2021\/07\/30\/o-cantar-de-mari-pepa-anton-zapata\/\">O cantar de Mari-Pepa<\/a><\/li><\/ul>\n<!-- AddThis Advanced Settings generic via filter on the_content --><!-- AddThis Share Buttons generic via filter on the_content -->","protected":false},"excerpt":{"rendered":"<p>Xela Arias -Ben vennas maio &#8211;Dar\u00edo a diario -Denuncia do equilibrio -E hame custar -Intemp\u00e9riome -Ir\u00e1s vir\u00e1s dir\u00e1s -Luz no delirio -Non \u00e9 xusto -Non me conte\u00f1o &#8211;Soldados -Son quen de verquerche abrazos de contos &#8211;Tigres como cabalos -Ti po\u00f1\u00e9ndote<span class=\"ellipsis\">&hellip;<\/span> <span class=\"read-more\"><a href=\"https:\/\/bitaculas.as-pg.gal\/sondepoetas\/seculo-xxi\/\">Read more &#8250;<\/a><\/span><!-- AddThis Advanced Settings generic via filter on get_the_excerpt --><!-- AddThis Share Buttons generic via filter on get_the_excerpt --><\/p>\n","protected":false},"author":1,"featured_media":0,"parent":0,"menu_order":0,"comment_status":"open","ping_status":"closed","template":"","meta":[],"_links":{"self":[{"href":"https:\/\/bitaculas.as-pg.gal\/sondepoetas\/wp-json\/wp\/v2\/pages\/513"}],"collection":[{"href":"https:\/\/bitaculas.as-pg.gal\/sondepoetas\/wp-json\/wp\/v2\/pages"}],"about":[{"href":"https:\/\/bitaculas.as-pg.gal\/sondepoetas\/wp-json\/wp\/v2\/types\/page"}],"author":[{"embeddable":true,"href":"https:\/\/bitaculas.as-pg.gal\/sondepoetas\/wp-json\/wp\/v2\/users\/1"}],"replies":[{"embeddable":true,"href":"https:\/\/bitaculas.as-pg.gal\/sondepoetas\/wp-json\/wp\/v2\/comments?post=513"}],"version-history":[{"count":14,"href":"https:\/\/bitaculas.as-pg.gal\/sondepoetas\/wp-json\/wp\/v2\/pages\/513\/revisions"}],"predecessor-version":[{"id":1676,"href":"https:\/\/bitaculas.as-pg.gal\/sondepoetas\/wp-json\/wp\/v2\/pages\/513\/revisions\/1676"}],"wp:attachment":[{"href":"https:\/\/bitaculas.as-pg.gal\/sondepoetas\/wp-json\/wp\/v2\/media?parent=513"}],"curies":[{"name":"wp","href":"https:\/\/api.w.org\/{rel}","templated":true}]}}